{"id":24450,"date":"2025-11-14T20:36:55","date_gmt":"2025-11-14T19:36:55","guid":{"rendered":"https:\/\/www.heliotis.com\/login_wpdm\/"},"modified":"2025-11-16T13:46:55","modified_gmt":"2025-11-16T12:46:55","slug":"login_wpdm","status":"publish","type":"page","link":"https:\/\/www.heliotis.com\/fr\/login_wpdm\/","title":{"rendered":"login_wpdm"},"content":{"rendered":"\t\t<div data-elementor-type=\"wp-page\" data-elementor-id=\"24450\" class=\"elementor elementor-24450 elementor-24298\" data-elementor-post-type=\"page\">\n\t\t\t\t<div class=\"elementor-element elementor-element-2f53c71 e-flex e-con-boxed e-con e-parent\" data-id=\"2f53c71\" data-element_type=\"container\" data-e-type=\"container\" data-settings=\"{&quot;background_background&quot;:&quot;classic&quot;}\">\n\t\t\t\t\t<div class=\"e-con-inner\">\n\t\t<div class=\"elementor-element elementor-element-9f41f71 e-con-full e-flex e-con e-child\" data-id=\"9f41f71\" data-element_type=\"container\" data-e-type=\"container\" data-settings=\"{&quot;background_background&quot;:&quot;classic&quot;}\">\n\t\t<div class=\"elementor-element elementor-element-17892a2 e-con-full e-flex e-con e-child\" data-id=\"17892a2\" data-element_type=\"container\" data-e-type=\"container\">\n\t\t\t\t<div class=\"elementor-element elementor-element-d3c9a4b elementor-widget elementor-widget-heading\" data-id=\"d3c9a4b\" data-element_type=\"widget\" data-e-type=\"widget\" data-widget_type=\"heading.default\">\n\t\t\t\t\t<h2 class=\"elementor-heading-title elementor-size-default\">Se connecter<\/h2>\t\t\t\t<\/div>\n\t\t\t\t<div class=\"elementor-element elementor-element-8aae6c9 elementor-widget elementor-widget-text-editor\" data-id=\"8aae6c9\" data-element_type=\"widget\" data-e-type=\"widget\" data-widget_type=\"text-editor.default\">\n\t\t\t\t\t\t\t\t\t<p>Bon retour !<\/p><p>Connectez-vous avec votre adresse e-mail et votre mot de passe.<\/p><p>Pas encore de compte&nbsp;? <a href=\"https:\/\/www.heliotis.com\/registrieren\/\">S\u2019inscrire maintenant<\/a>.<br>Mot de passe oubli\u00e9&nbsp;? <a href=\"https:\/\/www.heliotis.com\/passwort_reset\/\">R\u00e9initialiser<\/a>.<\/p>\t\t\t\t\t\t\t\t<\/div>\n\t\t\t\t<\/div>\n\t\t\t\t<\/div>\n\t\t\t\t<div class=\"elementor-element elementor-element-05a7bb5 elementor-widget__width-initial elementor-widget-tablet__width-inherit elementor-hidden-mobile elementor-widget elementor-widget-image\" data-id=\"05a7bb5\" data-element_type=\"widget\" data-e-type=\"widget\" data-widget_type=\"image.default\">\n\t\t\t\t\t\t\t\t\t\t\t\t\t\t\t<img decoding=\"async\" src=\"https:\/\/www.heliotis.com\/wp-content\/uploads\/2025\/07\/Erstes_BMW_Motorrad_1923-1.jpg\" title=\"\" alt=\"\" loading=\"lazy\" \/>\t\t\t\t\t\t\t\t\t\t\t\t\t\t\t<\/div>\n\t\t\t\t\t<\/div>\n\t\t\t\t<\/div>\n\t\t<div class=\"elementor-element elementor-element-a094bb9 e-flex e-con-boxed e-con e-parent\" data-id=\"a094bb9\" data-element_type=\"container\" data-e-type=\"container\">\n\t\t\t\t\t<div class=\"e-con-inner\">\n\t\t\t\t<div class=\"elementor-element elementor-element-ab28e3a elementor-widget elementor-widget-wpdmloginform\" data-id=\"ab28e3a\" data-element_type=\"widget\" data-e-type=\"widget\" data-widget_type=\"wpdmloginform.default\">\n\t\t\t\t<div class=\"elementor-widget-container\">\n\t\t\t\t\t<div class=\"wpdm-elementor-widget login-form-widget\">\r\n<div class=\"w3eden wpdm-auth-page\" id=\"wpdmloginpage\">\r\n    <div class=\"wpdm-auth-split\" id=\"wpdmlogin\">\r\n        <div class=\"wpdm-auth-panel\">\r\n            <!-- Left Panel - Decorative -->\r\n            <div class=\"wpdm-auth-left\">\r\n                <div class=\"wpdm-auth-grid\"><\/div>\r\n                <div class=\"wpdm-auth-circles\">\r\n                    <div class=\"wpdm-auth-circle\"><\/div>\r\n                    <div class=\"wpdm-auth-circle\"><\/div>\r\n                    <div class=\"wpdm-auth-circle\"><\/div>\r\n                    <div class=\"wpdm-auth-circle\"><\/div>\r\n                <\/div>\r\n\r\n                <div class=\"wpdm-auth-brand\">\r\n                    <a href=\"https:\/\/www.heliotis.com\/fr\/\">\r\n                                            <img decoding=\"async\" src=\"\/wp-content\/uploads\/2025\/10\/heliSun2.png\" alt=\"Heliotis AG\" \/>\r\n                                        <span>Heliotis AG<\/span>\r\n                    <\/a>\r\n                <\/div>\r\n\r\n                <div class=\"wpdm-auth-welcome\">\r\n                    <div class=\"wpdm-auth-welcome-sub\">Ravi de vous revoir<\/div>\r\n                    <div class=\"wpdm-auth-welcome-title\">Heureux de vous revoir<\/div>\r\n                    <div class=\"wpdm-auth-welcome-line\"><\/div>\r\n                    <div class=\"wpdm-auth-welcome-text\">\r\n                        Connectez-vous pour acc\u00e9der \u00e0 votre compte, g\u00e9rer vos t\u00e9l\u00e9chargements et d\u00e9couvrir toutes les fonctionnalit\u00e9s \u00e0 votre disposition.                    <\/div>\r\n                <\/div>\r\n            <\/div>\r\n\r\n            <!-- Right Panel - Form -->\r\n            <div class=\"wpdm-auth-right\">\r\n\r\n\r\n                <div class=\"wpdm-auth-form-header\">\r\n                    <h1 class=\"wpdm-auth-form-title\">Connexion au compte<\/h1>\r\n                    <p class=\"wpdm-auth-form-desc\">Saisissez vos identifiants pour acc\u00e9der \u00e0 votre compte et reprendre l\u00e0 o\u00f9 vous en \u00e9tiez.<\/p>\r\n                <\/div>\r\n                                <form name=\"loginform\" id=\"loginform\" action=\"\" method=\"post\">\r\n                    <input type=\"hidden\" name=\"permalink\" value=\"https:\/\/www.heliotis.com\/fr\/login_wpdm\/\" \/>\r\n\r\n                    <!-- Alerts -->\r\n                    <div id=\"__signin_msg\">\r\n                                            <\/div>\r\n\r\n                    \r\n                    <!-- Email -->\r\n                    <div class=\"wpdm-auth-field\">\r\n                        <div class=\"wpdm-auth-input-wrap\">\r\n                            <input type=\"text\" name=\"wpdm_login[log]\" id=\"user_login\" class=\"wpdm-auth-input\" required placeholder=\"ID de l\u2019e-mail\" autocomplete=\"username\" \/>\r\n                        <\/div>\r\n                    <\/div>\r\n\r\n                    <!-- Password -->\r\n                    <div class=\"wpdm-auth-field\">\r\n                        <div class=\"wpdm-auth-input-wrap\">\r\n                            <input type=\"password\" name=\"wpdm_login[pwd]\" id=\"password\" class=\"wpdm-auth-input has-toggle\" required placeholder=\"Mot de passe\" autocomplete=\"current-password\" \/>\r\n                            <button type=\"button\" class=\"wpdm-auth-pwd-toggle\" onclick=\"wpdmTogglePwd()\" aria-label=\"Toggle password visibility\">\r\n                                <svg id=\"wpdm-eye\" viewBox=\"0 0 24 24\" fill=\"none\" stroke=\"currentColor\" stroke-width=\"2\"><path d=\"M1 12s4-8 11-8 11 8 11 8-4 8-11 8-11-8-11-8z\"\/><circle cx=\"12\" cy=\"12\" r=\"3\"\/><\/svg>\r\n                                <svg id=\"wpdm-eye-off\" style=\"display:none\" viewBox=\"0 0 24 24\" fill=\"none\" stroke=\"currentColor\" stroke-width=\"2\"><path d=\"M17.94 17.94A10.07 10.07 0 0 1 12 20c-7 0-11-8-11-8a18.45 18.45 0 0 1 5.06-5.94M9.9 4.24A9.12 9.12 0 0 1 12 4c7 0 11 8 11 8a18.5 18.5 0 0 1-2.16 3.19m-6.72-1.07a3 3 0 1 1-4.24-4.24\"\/><line x1=\"1\" y1=\"1\" x2=\"23\" y2=\"23\"\/><\/svg>\r\n                            <\/button>\r\n                        <\/div>\r\n                    <\/div>\r\n\r\n                    <!-- Hidden hash -->\r\n                                        <input type=\"hidden\" name=\"__phash\" id=\"__phash\" value=\"OHUr0hYx9mvU0_4ghVGxVnkuIz8mrmTMHJrRXeb1MX6vzuGW5MkfqNpvTRwt-Zo_0ppktADy8_l70jQEkUqGSC9c-bskqEqQX-BjAyvkhR_Za7d_UgSHNQeSte8fRRPU1iowFsr9TmNLMR_5Avsg0RGcHjHl7K7jf968WMG07bGRkH6YyPI8FepKxzmDbdhjMWx2j-0OxbqrHURxde6a-WLJ7uQtnEWK_40NbGswEpT5RdB0LcaE-Fzg4wvos8rFB\" \/>\r\n\r\n                    \r\n                                        \r\n                    <!-- Remember & Forgot -->\r\n                    <div class=\"wpdm-auth-meta\">\r\n                        <label class=\"wpdm-auth-remember\">\r\n                            <input type=\"checkbox\" name=\"rememberme\" id=\"rememberme\" value=\"forever\" \/>\r\n                            <span class=\"wpdm-auth-check\">\r\n                                <svg viewBox=\"0 0 24 24\" fill=\"none\" stroke=\"currentColor\" stroke-width=\"3\"><polyline points=\"20 6 9 17 4 12\"\/><\/svg>\r\n                            <\/span>\r\n                            <span>Gardez-moi connect\u00e9<\/span>\r\n                        <\/label>\r\n                        <a href=\"https:\/\/www.heliotis.com\/login_wpdm\/?action=lostpassword\" class=\"wpdm-auth-forgot\">Mot de passe oubli\u00e9\u00a0?<\/a>\r\n                    <\/div>\r\n\r\n                    <!-- Submit -->\r\n                    <button type=\"submit\" name=\"wp-submit\" id=\"loginform-submit\" class=\"wpdm-auth-btn\">\r\n                        <span>Connexion<\/span>\r\n                    <\/button>\r\n\r\n                    <!-- Register Link -->\r\n                                            <div class=\"wpdm-auth-link\">\r\n                            Vous n\u2019avez pas de compte\u00a0?                            <a href=\"\/register\">Abonnez-vous<\/a>\r\n                        <\/div>\r\n                    \r\n                    <input type=\"hidden\" name=\"redirect_to\" value=\"\/home\" \/>\r\n                <\/form>\r\n\r\n                <!-- Social Login -->\r\n                \r\n                            <\/div>\r\n        <\/div>\r\n    <\/div>\r\n<\/div>\r\n\r\n<script>\r\nfunction wpdmTogglePwd() {\r\n    var pwd = document.getElementById('password');\r\n    var eye = document.getElementById('wpdm-eye');\r\n    var eyeOff = document.getElementById('wpdm-eye-off');\r\n    if (pwd.type === 'password') {\r\n        pwd.type = 'text';\r\n        eye.style.display = 'none';\r\n        eyeOff.style.display = 'block';\r\n    } else {\r\n        pwd.type = 'password';\r\n        eye.style.display = 'block';\r\n        eyeOff.style.display = 'none';\r\n    }\r\n}\r\n\r\njQuery(function ($) {\r\n        var $btn = $('#loginform-submit');\r\n    var btnHtml = $btn.html();\r\n\r\n    $('#loginform').submit(function () {\r\n        $btn.html('<span class=\"wpdm-auth-spinner\"><\/span><span>Connexion\u2026<\/span>').attr('disabled', 'disabled');\r\n\r\n        $(this).ajaxSubmit({\r\n            error: function(error) {\r\n                if(typeof error.responseJSON !== 'undefined') {\r\n                    showErr(error.responseJSON.messages || error.responseJSON.message);\r\n                    $btn.html(btnHtml).removeAttr('disabled');\r\n                                    } else {\r\n                    setTimeout(function () {\r\n                        location.href = \"\/home\";\r\n                    }, 1000);\r\n                }\r\n            },\r\n            success: async function (res) {\r\n                if (!res.success) {\r\n                    showErr(res.message);\r\n                    $btn.html(btnHtml).removeAttr('disabled');\r\n                                    } else {\r\n                    let proceed = await WPDM.doAction(\"wpdm_user_login\", res);\r\n                    $btn.html('<svg viewBox=\"0 0 24 24\" width=\"16\" height=\"16\" fill=\"none\" stroke=\"currentColor\" stroke-width=\"2\"><path d=\"M22 11.08V12a10 10 0 1 1-5.93-9.14\"\/><polyline points=\"22 4 12 14.01 9 11.01\"\/><\/svg><span>' + res.message + '<\/span>');\r\n                    setTimeout(function () {\r\n                        location.href = \"\/home\";\r\n                    }, 1000);\r\n                }\r\n            }\r\n        });\r\n        return false;\r\n    });\r\n    \r\n    function showErr(msg) {\r\n        $('#loginform .wpdm-auth-alert.error').remove();\r\n        var html = '<div class=\"wpdm-auth-alert error\">' +\r\n            '<svg viewBox=\"0 0 24 24\" fill=\"none\" stroke=\"currentColor\" stroke-width=\"2\"><circle cx=\"12\" cy=\"12\" r=\"10\"\/><line x1=\"15\" y1=\"9\" x2=\"9\" y2=\"15\"\/><line x1=\"9\" y1=\"9\" x2=\"15\" y2=\"15\"\/><\/svg>' +\r\n            '<span>' + msg + '<\/span><\/div>';\r\n        $('#loginform').prepend(html);\r\n    }\r\n\r\n    $('body').on('click', '.wpdm-auth-alert.error', function(){\r\n        $(this).slideUp(150, function() { $(this).remove(); });\r\n    });\r\n});\r\n<\/script>\r\n<\/div>\t\t\t\t<\/div>\n\t\t\t\t<\/div>\n\t\t\t\t\t<\/div>\n\t\t\t\t<\/div>\n\t\t\t\t<\/div>\n\t\t","protected":false},"excerpt":{"rendered":"<p>Se connecter Bon retour ! Connectez-vous avec votre adresse e-mail et votre mot de passe. Pas encore de compte&nbsp;? S\u2019inscrire maintenant.Mot de passe oubli\u00e9&nbsp;? R\u00e9initialiser. Login-IDPasswort Angemeldet bleiben Passwort vergessen? &nbsp;Anmelden Noch kein Konto? Jetzt registrieren<\/p>\n","protected":false},"author":1,"featured_media":0,"parent":0,"menu_order":0,"comment_status":"closed","ping_status":"closed","template":"elementor_header_footer","meta":{"footnotes":""},"class_list":["post-24450","page","type-page","status-publish","hentry"],"_links":{"self":[{"href":"https:\/\/www.heliotis.com\/fr\/wp-json\/wp\/v2\/pages\/24450","targetHints":{"allow":["GET"]}}],"collection":[{"href":"https:\/\/www.heliotis.com\/fr\/wp-json\/wp\/v2\/pages"}],"about":[{"href":"https:\/\/www.heliotis.com\/fr\/wp-json\/wp\/v2\/types\/page"}],"author":[{"embeddable":true,"href":"https:\/\/www.heliotis.com\/fr\/wp-json\/wp\/v2\/users\/1"}],"replies":[{"embeddable":true,"href":"https:\/\/www.heliotis.com\/fr\/wp-json\/wp\/v2\/comments?post=24450"}],"version-history":[{"count":2,"href":"https:\/\/www.heliotis.com\/fr\/wp-json\/wp\/v2\/pages\/24450\/revisions"}],"predecessor-version":[{"id":24456,"href":"https:\/\/www.heliotis.com\/fr\/wp-json\/wp\/v2\/pages\/24450\/revisions\/24456"}],"wp:attachment":[{"href":"https:\/\/www.heliotis.com\/fr\/wp-json\/wp\/v2\/media?parent=24450"}],"curies":[{"name":"wp","href":"https:\/\/api.w.org\/{rel}","templated":true}]}}