{"id":25650,"date":"2026-03-01T22:42:16","date_gmt":"2026-03-01T21:42:16","guid":{"rendered":"https:\/\/www.heliotis.com\/notes-dapplication\/"},"modified":"2026-03-02T18:11:50","modified_gmt":"2026-03-02T17:11:50","slug":"notes-dapplication","status":"publish","type":"page","link":"https:\/\/www.heliotis.com\/fr\/notes-dapplication\/","title":{"rendered":"Notes d\u2019application"},"content":{"rendered":"\t\t<div data-elementor-type=\"wp-page\" data-elementor-id=\"25650\" class=\"elementor elementor-25650 elementor-25489\" data-elementor-post-type=\"page\">\n\t\t\t\t<div class=\"elementor-element elementor-element-27ad407 e-con-full e-flex e-con e-parent\" data-id=\"27ad407\" data-element_type=\"container\" data-e-type=\"container\">\n\t\t<div class=\"elementor-element elementor-element-231fcd5 e-con-full e-flex e-con e-child\" data-id=\"231fcd5\" data-element_type=\"container\" data-e-type=\"container\">\n\t\t\t\t<div class=\"elementor-element elementor-element-c23f986 elementor-widget__width-inherit elementor-widget elementor-widget-heading\" data-id=\"c23f986\" data-element_type=\"widget\" data-e-type=\"widget\" data-widget_type=\"heading.default\">\n\t\t\t\t\t<div class=\"elementor-heading-title elementor-size-default\">Exemples pratiques et informations techniques<\/div>\t\t\t\t<\/div>\n\t\t\t\t<div class=\"elementor-element elementor-element-6fcdff5 elementor-widget__width-inherit elementor-widget elementor-widget-heading\" data-id=\"6fcdff5\" data-element_type=\"widget\" data-e-type=\"widget\" data-widget_type=\"heading.default\">\n\t\t\t\t\t<h1 class=\"elementor-heading-title elementor-size-default\">Notes d\u2019application<\/h1>\t\t\t\t<\/div>\n\t\t\t\t<\/div>\n\t\t\t\t<\/div>\n\t\t<div class=\"elementor-element elementor-element-7cbd16c e-flex e-con-boxed e-con e-child\" data-id=\"7cbd16c\" data-element_type=\"container\" data-e-type=\"container\">\n\t\t\t\t\t<div class=\"e-con-inner\">\n\t\t\t\t<div class=\"elementor-element elementor-element-b6ddffd elementor-widget__width-initial elementor-widget elementor-widget-text-editor\" data-id=\"b6ddffd\" data-element_type=\"widget\" data-e-type=\"widget\" data-widget_type=\"text-editor.default\">\n\t\t\t\t\t\t\t\t\t<p>Articles techniques d\u00e9taill\u00e9s sur la m\u00e9trologie optique, la capteurique 3D et la vision industrielle. Nos notes d\u2019application expliquent les principes de mesure, les algorithmes d\u2019\u00e9valuation, les limites des syst\u00e8mes et les mises en \u0153uvre pratiques \u00e0 l\u2019aide d\u2019exemples concrets issus de l\u2019industrie et de la recherche. D\u2019autres articles sont ajout\u00e9s r\u00e9guli\u00e8rement.  <\/p>\t\t\t\t\t\t\t\t<\/div>\n\t\t\t\t<div class=\"elementor-element elementor-element-f844a69 elementor-grid-3 elementor-grid-tablet-2 elementor-grid-mobile-1 elementor-widget elementor-widget-loop-grid\" data-id=\"f844a69\" data-element_type=\"widget\" data-e-type=\"widget\" data-settings=\"{&quot;template_id&quot;:25644,&quot;pagination_type&quot;:&quot;load_more_infinite_scroll&quot;,&quot;_skin&quot;:&quot;post&quot;,&quot;columns&quot;:&quot;3&quot;,&quot;columns_tablet&quot;:&quot;2&quot;,&quot;columns_mobile&quot;:&quot;1&quot;,&quot;edit_handle_selector&quot;:&quot;[data-elementor-type=\\&quot;loop-item\\&quot;]&quot;,&quot;load_more_spinner&quot;:{&quot;value&quot;:&quot;fas fa-spinner&quot;,&quot;library&quot;:&quot;fa-solid&quot;},&quot;row_gap&quot;:{&quot;unit&quot;:&quot;px&quot;,&quot;size&quot;:&quot;&quot;,&quot;sizes&quot;:[]},&quot;row_gap_tablet&quot;:{&quot;unit&quot;:&quot;px&quot;,&quot;size&quot;:&quot;&quot;,&quot;sizes&quot;:[]},&quot;row_gap_mobile&quot;:{&quot;unit&quot;:&quot;px&quot;,&quot;size&quot;:&quot;&quot;,&quot;sizes&quot;:[]}}\" data-widget_type=\"loop-grid.post\">\n\t\t\t\t<div class=\"elementor-widget-container\">\n\t\t\t\t\t\t\t<div class=\"e-loop-nothing-found-message\">\n\t\t<\/div>\n\t\t\t\t\t\t<\/div>\n\t\t\t\t<\/div>\n\t\t\t\t\t<\/div>\n\t\t\t\t<\/div>\n\t\t\t\t<\/div>\n\t\t","protected":false},"excerpt":{"rendered":"<p>Exemples pratiques et informations techniques Notes d\u2019application Articles techniques d\u00e9taill\u00e9s sur la m\u00e9trologie optique, la capteurique 3D et la vision industrielle. Nos notes d\u2019application expliquent les principes de mesure, les algorithmes d\u2019\u00e9valuation, les limites des syst\u00e8mes et les mises en \u0153uvre pratiques \u00e0 l\u2019aide d\u2019exemples concrets issus de l\u2019industrie et de la recherche. D\u2019autres articles [&hellip;]<\/p>\n","protected":false},"author":1,"featured_media":0,"parent":0,"menu_order":0,"comment_status":"closed","ping_status":"closed","template":"elementor_header_footer","meta":{"footnotes":""},"class_list":["post-25650","page","type-page","status-publish","hentry"],"_links":{"self":[{"href":"https:\/\/www.heliotis.com\/fr\/wp-json\/wp\/v2\/pages\/25650","targetHints":{"allow":["GET"]}}],"collection":[{"href":"https:\/\/www.heliotis.com\/fr\/wp-json\/wp\/v2\/pages"}],"about":[{"href":"https:\/\/www.heliotis.com\/fr\/wp-json\/wp\/v2\/types\/page"}],"author":[{"embeddable":true,"href":"https:\/\/www.heliotis.com\/fr\/wp-json\/wp\/v2\/users\/1"}],"replies":[{"embeddable":true,"href":"https:\/\/www.heliotis.com\/fr\/wp-json\/wp\/v2\/comments?post=25650"}],"version-history":[{"count":1,"href":"https:\/\/www.heliotis.com\/fr\/wp-json\/wp\/v2\/pages\/25650\/revisions"}],"predecessor-version":[{"id":25652,"href":"https:\/\/www.heliotis.com\/fr\/wp-json\/wp\/v2\/pages\/25650\/revisions\/25652"}],"wp:attachment":[{"href":"https:\/\/www.heliotis.com\/fr\/wp-json\/wp\/v2\/media?parent=25650"}],"curies":[{"name":"wp","href":"https:\/\/api.w.org\/{rel}","templated":true}]}}